{"id":267,"date":"2022-11-03T11:22:19","date_gmt":"2022-11-03T10:22:19","guid":{"rendered":"https:\/\/eclairement.com\/eclairementORG\/?page_id=267"},"modified":"2023-07-05T22:07:51","modified_gmt":"2023-07-05T20:07:51","slug":"soutenir-eclairement","status":"publish","type":"page","link":"https:\/\/eclairement.com\/eclairementORG\/soutenir-eclairement\/","title":{"rendered":"Soutenir Eclairement"},"content":{"rendered":"<div data-colibri-id=\"267-c1\" class=\"style-341 style-local-267-c1 position-relative\">\n  <!---->\n  <div data-colibri-component=\"section\" data-colibri-id=\"267-c2\" id=\"initial-content\" class=\"h-section h-section-global-spacing d-flex align-items-lg-center align-items-md-center align-items-center style-342 style-local-267-c2 position-relative\">\n    <!---->\n    <!---->\n    <div class=\"h-section-grid-container h-section-boxed-container\">\n      <!---->\n      <div data-colibri-id=\"267-c3\" class=\"h-row-container gutters-row-lg-2 gutters-row-md-2 gutters-row-0 gutters-row-v-lg-2 gutters-row-v-md-2 gutters-row-v-2 style-343 style-local-267-c3 position-relative\">\n        <!---->\n        <div class=\"h-row justify-content-lg-center justify-content-md-center justify-content-center align-items-lg-stretch align-items-md-stretch align-items-stretch gutters-col-lg-2 gutters-col-md-2 gutters-col-0 gutters-col-v-lg-2 gutters-col-v-md-2 gutters-col-v-2\">\n          <!---->\n          <div class=\"h-column h-column-container d-flex h-col-lg-6 h-col-md-6 h-col-12 style-344-outer style-local-267-c4-outer\">\n            <div data-colibri-id=\"267-c4\" class=\"d-flex h-flex-basis h-column__inner h-px-lg-2 h-px-md-2 h-px-2 v-inner-lg-2 v-inner-md-2 v-inner-2 style-344 style-local-267-c4 position-relative\">\n              <!---->\n              <!---->\n              <div class=\"w-100 h-y-container h-column__content h-column__v-align flex-basis-100 align-self-lg-start align-self-md-start align-self-start\">\n                <!---->\n                <div data-colibri-id=\"267-c5\" class=\"style-345 style-local-267-c5 position-relative h-element\">\n                  <!---->\n                  <div>\n                    \n                    <p>Vous pouvez soutenir l&rsquo;association Eclairement de plusieurs mani\u00e8res.<\/p>\n                    \n\n                    \n                    <p><\/p>\n                    \n\n                    \n                    <ul>\n                      \n                      <li>En devenant membre<\/li>\n                      \n\n                      \n                      <li>En vous engageant \u00e0 nos c\u00f4t\u00e9s, de fa\u00e7on ponctuelle : sur un \u00e9v\u00e9nement, pour un article, &#8230;<\/li>\n                      \n\n                      \n                      <li>En vous engageant \u00e0 nos c\u00f4t\u00e9s de mani\u00e8re plus p\u00e9renne : participation plus approfondie de la vie de l&rsquo;association avec des propositions d&rsquo;\u00e9v\u00e9nements ou d&rsquo;animations, l&rsquo;implication de la vie du site internet, &#8230;<\/li>\n                      \n                    <\/ul>\n                    \n\n                    \n                    <p><\/p>\n                    \n\n                    \n                    <ul>\n                      \n                      <li>Par un soutien financier<\/li>\n                      \n                    <\/ul>\n                    \n                  <\/div>\n                <\/div>\n              <\/div>\n            <\/div>\n          <\/div>\n        <\/div>\n      <\/div>\n    <\/div>\n  <\/div>\n  <div data-colibri-component=\"section\" data-colibri-id=\"267-c6\" id=\"custom\" class=\"h-section h-section-global-spacing d-flex align-items-lg-center align-items-md-center align-items-center style-346 style-local-267-c6 position-relative\">\n    <!---->\n    <!---->\n    <div class=\"h-section-grid-container h-section-boxed-container\">\n      <!---->\n      <div data-colibri-id=\"267-c7\" class=\"h-row-container gutters-row-lg-2 gutters-row-md-2 gutters-row-0 gutters-row-v-lg-2 gutters-row-v-md-2 gutters-row-v-2 style-347 style-local-267-c7 position-relative\">\n        <!---->\n        <div class=\"h-row justify-content-lg-center justify-content-md-center justify-content-center align-items-lg-stretch align-items-md-stretch align-items-stretch gutters-col-lg-2 gutters-col-md-2 gutters-col-0 gutters-col-v-lg-2 gutters-col-v-md-2 gutters-col-v-2\">\n          <!---->\n          <div class=\"h-column h-column-container d-flex h-col-lg-auto h-col-md-auto h-col-auto style-348-outer style-local-267-c8-outer\">\n            <div data-colibri-id=\"267-c8\" class=\"d-flex h-flex-basis h-column__inner h-px-lg-2 h-px-md-2 h-px-2 v-inner-lg-2 v-inner-md-2 v-inner-2 style-348 style-local-267-c8 position-relative\">\n              <!---->\n              <!---->\n              <div class=\"w-100 h-y-container h-column__content h-column__v-align flex-basis-100 align-self-lg-start align-self-md-start align-self-start\">\n                <!---->\n                <div data-colibri-id=\"267-c9\" class=\"h-text h-text-component style-350 style-local-267-c9 position-relative h-element\">\n                  <!---->\n                  <!---->\n                  <div class=\"\">\n                    <p>\n                      <br>\n                    <\/p>\n                    <p><span style=\"color: rgb(70, 112, 127); font-family: &quot;Open Sans&quot;; font-size: 16px; font-weight: 400;\">Vous souhaitez devenir membre de l&rsquo;association Eclairement pour prendre part \u00e0 nos actions ou simplement pour nous montrer votre soutien ? Vous souhaitez faire un don ? Eclairement est une association culturelle destin\u00e9e \u00e0 tous, qui entend participer \u00e0 la diffusion des savoirs et \u00e0 l&rsquo;inclusion par la culture. Elle a \u00e9galement pour ambition d\u2019\u00eatre un espace de libre expression et respectueux de ses lecteurs. A ce titre, elle a notamment pour politique <\/span><\/p>\n                    <ul>\n                      <li><span style=\"color: rgb(70, 112, 127); font-family: &quot;Open Sans&quot;; font-size: 16px; font-weight: 400;\">de demander une cotisation modique de 5 euros ouvrant le statut de membre<\/span><\/li>\n                      <li><span style=\"color: rgb(70, 112, 127); font-family: &quot;Open Sans&quot;; font-size: 16px; font-weight: 400;\">de proposer des \u00e9v\u00e9nements gratuits et ouverts \u00e0 tous<\/span><\/li>\n                      <li><span style=\"color: rgb(70, 112, 127); font-family: &quot;Open Sans&quot;; font-size: 16px; font-weight: 400;\">de laisser en libre acc\u00e8s sous licence creative commons la majorit\u00e9 des contenus mis en ligne sur son site<\/span><\/li>\n                      <li><span style=\"color: rgb(70, 112, 127); font-family: &quot;Open Sans&quot;; font-size: 16px; font-weight: 400;\">de proposer l\u2019h\u00e9bergement de blogs aux membres qui en feraient la demande<\/span><\/li>\n                      <li><span style=\"color: rgb(70, 112, 127); font-family: &quot;Open Sans&quot;; font-size: 16px; font-weight: 400;\">de fournir une adresse de courriel @eclairement.com \u00e0 tout membre en faisant la demande<\/span><\/li>\n                      <li><span style=\"color: rgb(70, 112, 127); font-family: &quot;Open Sans&quot;; font-size: 16px; font-weight: 400;\">de ne pas laisser interf\u00e9rer des publicit\u00e9s al\u00e9atoires et friandes de cookies<\/span><\/li>\n                    <\/ul>\n                    <p>\n                      <br>\n                    <\/p>\n                    <p><span style=\"color: rgb(70, 112, 127); font-family: &quot;Open Sans&quot;; font-size: 16px; font-weight: 400;\">L\u2019association a donc besoin de vos dons et partenariats pour pouvoir continuer \u00e0 fonctionner et \u00e0 proposer ses contenus et \u00e9v\u00e9nements<\/span><\/p>\n                    <p>\n                      <br>\n                    <\/p>\n                    <ul>\n                      <li><span style=\"color: rgb(70, 112, 127); font-family: &quot;Open Sans&quot;; font-size: 16px; font-weight: 400;\">h\u00e9bergement et du nom de domaine<\/span><\/li>\n                      <li><span style=\"color: rgb(70, 112, 127); font-family: &quot;Open Sans&quot;; font-size: 16px; font-weight: 400;\">assurance civile<\/span><\/li>\n                      <li><span style=\"color: rgb(70, 112, 127); font-family: &quot;Open Sans&quot;; font-size: 16px; font-weight: 400;\">location de salle<\/span><\/li>\n                      <li><span style=\"color: rgb(70, 112, 127); font-family: &quot;Open Sans&quot;; font-size: 16px; font-weight: 400;\">accueil des stagiaires<\/span><\/li>\n                      <li><span style=\"color: rgb(70, 112, 127); font-family: &quot;Open Sans&quot;; font-size: 16px; font-weight: 400;\">indemnit\u00e9s de stage pour les stagiaires au titre de la participation \u00e0 la formation initiale<\/span><\/li>\n                      <li><span style=\"color: rgb(70, 112, 127); font-family: &quot;Open Sans&quot;; font-size: 16px; font-weight: 400;\">mat\u00e9riels pour nos conf\u00e9rences<\/span><\/li>\n                      <li><span style=\"color: rgb(70, 112, 127); font-family: &quot;Open Sans&quot;; font-size: 16px; font-weight: 400;\">organisation de prix culturels<\/span><\/li>\n                    <\/ul>\n                    <p>\n                      <br>\n                    <\/p>\n                    <p>\n                      <br>\n                    <\/p>\n                    <p><span style=\"color: rgb(70, 112, 127); font-family: &quot;Open Sans&quot;; font-size: 16px; font-weight: 400;\">Eclairement est une association d\u2019int\u00e9r\u00eat g\u00e9n\u00e9ral (article 200 du code g\u00e9n\u00e9ral des imp\u00f4ts). A ce titre, les dons financiers qui lui sont consentis sont d\u00e9ductibles \u00e0 66% de vos imp\u00f4ts. Eclairement vous fait parvenir un re\u00e7u fiscal pour attester de votre don aupr\u00e8s des imp\u00f4ts.<\/span><\/p>\n                    <p><span style=\"color: rgb(70, 112, 127); font-family: &quot;Open Sans&quot;; font-size: 16px; font-weight: 400;\">Lors de votre d\u00e9claration, il vous suffit de remplir la case d\u00e9di\u00e9e au niveau de la rubrique \u00ab\u00a0R\u00e9ductions et cr\u00e9dits d\u2019imp\u00f4t\u00a0\u00bb. Pour b\u00e9n\u00e9ficier de la r\u00e9duction d\u2019imp\u00f4t, vous devez joindre \u00e0 votre d\u00e9claration papier de revenus le re\u00e7u fiscal adress\u00e9. Si vous d\u00e9clarez vos imp\u00f4ts par internet, vous n\u2019avez pas \u00e0 envoyer de justificatif. Vous devez simplement le conserver pour le pr\u00e9senter en cas de demande \u00e9ventuelle du centre des imp\u00f4ts.<\/span><\/p>\n                    <p><span style=\"color: rgb(70, 112, 127); font-family: &quot;Open Sans&quot;; font-size: 16px; font-weight: 400;\">Comment proc\u00e9der ?<\/span><\/p>\n                    <p><span style=\"color: rgb(70, 112, 127); font-family: &quot;Open Sans&quot;; font-size: 16px; font-weight: 400;\">En cliquant sur le bouton \u00ab\u00a0faire un don\u00a0\u00bb, vous serez redirig\u00e9 vers le service paypal de paiement s\u00e9curis\u00e9.<\/span><\/p>\n                    <p><span style=\"color: rgb(70, 112, 127); font-family: &quot;Open Sans&quot;; font-size: 16px; font-weight: 400;\">Notez que vous n\u2019avez pas besoin d\u2019un compte \u00ab\u00a0paypal\u00a0\u00bb pour utiliser ce service. Il vous suffit de choisir en bas de la page paypal la partie \u00ab\u00a0Vous n\u2019avez pas de compte PayPal&nbsp;?\u00a0\u00bb Vous pourrez alors utiliser votre carte bancaire.<\/span><\/p>\n                    <p><span style=\"color: rgb(70, 112, 127); font-family: &quot;Open Sans&quot;; font-size: 16px; font-weight: 400;\">En vous remerciant d\u2019avance de votre soutien !<\/span><\/p>\n                    <p><span style=\"color: rgb(70, 112, 127); font-family: &quot;Open Sans&quot;; font-size: 16px; font-weight: 400;\">Le nom, pr\u00e9nom, adresse, CP, ville sont obligatoires pour l\u2019\u00e9tablissement d&rsquo;un re\u00e7u fiscal et sa bonne exp\u00e9dition.<\/span><\/p>\n                    <p>\n                      <br>\n                    <\/p>\n                    <p>\n                      <br>\n                    <\/p>\n                  <\/div>\n                <\/div>\n                <div data-colibri-id=\"267-c10\" class=\"h-x-container style-452 style-local-267-c10 position-relative h-element\">\n                  <!---->\n                  <div class=\"h-x-container-inner style-dynamic-267-c10-group style-452-spacing style-local-267-c10-spacing\"><span class=\"h-link__outer style-453-outer style-local-267-c11-outer d-inline-flex h-element\"><a h-use-smooth-scroll=\"true\" href=\"https:\/\/www.paypal.com\/donate\/?hosted_button_id=5MY4ZQE8ZDRR2\"  data-colibri-id=\"267-c11\" class=\"d-flex w-100 align-items-center h-link style-453 style-local-267-c11 position-relative\"><!----><span  class=\"h-svg-icon h-link__icon style-453-icon style-local-267-c11-icon\"><!--Icon by Font Awesome (https:\/\/fontawesome.com)--><svg version=\"1.1\" xmlns=\"http:\/\/www.w3.org\/2000\/svg\" xmlns:xlink=\"http:\/\/www.w3.org\/1999\/xlink\" id=\"star\" viewBox=\"0 0 1664 1896.0833\"><path d=\"M1664 647q0 22-26 48l-363 354 86 500q1 7 1 20 0 21-10.5 35.5T1321 1619q-19 0-40-12l-449-236-449 236q-22 12-40 12-21 0-31.5-14.5T301 1569q0-6 2-20l86-500L25 695Q0 668 0 647q0-37 56-46l502-73L783 73q19-41 49-41t49 41l225 455 502 73q56 9 56 46z\"><\/path><\/svg><\/span>                    <span>Faire un don<\/span><\/a>\n                    <\/span>\n                  <\/div>\n                <\/div>\n              <\/div>\n            <\/div>\n          <\/div>\n        <\/div>\n      <\/div>\n      <div data-colibri-id=\"267-c12\" class=\"h-row-container gutters-row-lg-2 gutters-row-md-2 gutters-row-0 gutters-row-v-lg-2 gutters-row-v-md-2 gutters-row-v-2 style-448 style-local-267-c12 position-relative\">\n        <!---->\n        <div class=\"h-row justify-content-lg-center justify-content-md-center justify-content-center align-items-lg-stretch align-items-md-stretch align-items-stretch gutters-col-lg-2 gutters-col-md-2 gutters-col-0 gutters-col-v-lg-2 gutters-col-v-md-2 gutters-col-v-2\">\n          <!---->\n          <div class=\"h-column h-column-container d-flex h-col-lg-auto h-col-md-auto h-col-auto style-451-outer style-local-267-c13-outer\">\n            <div data-colibri-id=\"267-c13\" class=\"d-flex h-flex-basis h-column__inner h-ui-empty-state-container h-px-lg-2 h-px-md-2 h-px-2 v-inner-lg-2 v-inner-md-2 v-inner-2 style-451 style-local-267-c13 position-relative\">\n              <!---->\n              <!---->\n              <div class=\"w-100 h-y-container h-column__content h-column__v-align flex-basis-100\">\n                <!---->\n              <\/div>\n            <\/div>\n          <\/div>\n        <\/div>\n      <\/div>\n    <\/div>\n  <\/div>\n  <div data-colibri-component=\"section\" data-colibri-id=\"267-c14\" id=\"custom-2\" class=\"h-section h-section-global-spacing d-flex align-items-lg-center align-items-md-center align-items-center style-442 style-local-267-c14 position-relative\">\n    <!---->\n    <!---->\n    <div class=\"h-section-grid-container h-section-boxed-container\">\n      <!---->\n      <div data-colibri-id=\"267-c15\" class=\"h-row-container gutters-row-lg-2 gutters-row-md-2 gutters-row-0 gutters-row-v-lg-2 gutters-row-v-md-2 gutters-row-v-2 style-443 style-local-267-c15 position-relative\">\n        <!---->\n        <div class=\"h-row justify-content-lg-center justify-content-md-center justify-content-center align-items-lg-stretch align-items-md-stretch align-items-stretch gutters-col-lg-2 gutters-col-md-2 gutters-col-0 gutters-col-v-lg-2 gutters-col-v-md-2 gutters-col-v-2\">\n          <!---->\n          <div class=\"h-column h-column-container d-flex h-col-lg-auto h-col-md-auto h-col-auto style-444-outer style-local-267-c16-outer\">\n            <div data-colibri-id=\"267-c16\" class=\"d-flex h-flex-basis h-column__inner h-ui-empty-state-container h-px-lg-2 h-px-md-2 h-px-2 v-inner-lg-2 v-inner-md-2 v-inner-2 style-444 style-local-267-c16 position-relative\">\n              <!---->\n              <!---->\n              <div class=\"w-100 h-y-container h-column__content h-column__v-align flex-basis-100\">\n                <!---->\n              <\/div>\n            <\/div>\n          <\/div>\n        <\/div>\n      <\/div>\n    <\/div>\n  <\/div>\n<\/div>","protected":false},"excerpt":{"rendered":"<p>Vous pouvez soutenir l&rsquo;association Eclairement de plusieurs mani\u00e8res. Vous souhaitez devenir membre de l&rsquo;association Eclairement pour prendre part \u00e0 nos actions ou simplement pour nous montrer votre soutien ? Vous souhaitez faire un don ? Eclairement est une association culturelle destin\u00e9e \u00e0 tous, qui entend participer \u00e0 la diffusion des savoirs et \u00e0 l&rsquo;inclusion par [&hellip;]<\/p>\n","protected":false},"author":1,"featured_media":0,"parent":0,"menu_order":0,"comment_status":"closed","ping_status":"closed","template":"page-templates\/full-width-page.php","meta":[],"_links":{"self":[{"href":"https:\/\/eclairement.com\/eclairementORG\/wp-json\/wp\/v2\/pages\/267"}],"collection":[{"href":"https:\/\/eclairement.com\/eclairementORG\/wp-json\/wp\/v2\/pages"}],"about":[{"href":"https:\/\/eclairement.com\/eclairementORG\/wp-json\/wp\/v2\/types\/page"}],"author":[{"embeddable":true,"href":"https:\/\/eclairement.com\/eclairementORG\/wp-json\/wp\/v2\/users\/1"}],"replies":[{"embeddable":true,"href":"https:\/\/eclairement.com\/eclairementORG\/wp-json\/wp\/v2\/comments?post=267"}],"version-history":[{"count":10,"href":"https:\/\/eclairement.com\/eclairementORG\/wp-json\/wp\/v2\/pages\/267\/revisions"}],"predecessor-version":[{"id":677,"href":"https:\/\/eclairement.com\/eclairementORG\/wp-json\/wp\/v2\/pages\/267\/revisions\/677"}],"wp:attachment":[{"href":"https:\/\/eclairement.com\/eclairementORG\/wp-json\/wp\/v2\/media?parent=267"}],"curies":[{"name":"wp","href":"https:\/\/api.w.org\/{rel}","templated":true}]}}