{"id":151,"date":"2022-09-15T15:33:41","date_gmt":"2022-09-15T13:33:41","guid":{"rendered":"https:\/\/eclairement.com\/eclairementORG\/?page_id=151"},"modified":"2022-11-14T12:30:17","modified_gmt":"2022-11-14T11:30:17","slug":"creation-de-projet","status":"publish","type":"page","link":"https:\/\/eclairement.com\/eclairementORG\/creation-de-projet\/","title":{"rendered":"Cr\u00e9ation de projet"},"content":{"rendered":"<div data-colibri-id=\"151-c1\" class=\"style-397 style-local-151-c1 position-relative\">\n  <!---->\n  <div data-colibri-component=\"section\" data-colibri-id=\"151-c2\" id=\"custom\" class=\"h-section h-section-global-spacing d-flex align-items-lg-center align-items-md-center align-items-center style-398 style-local-151-c2 position-relative\">\n    <!---->\n    <!---->\n    <div class=\"h-section-grid-container h-section-boxed-container\">\n      <!---->\n      <div data-colibri-id=\"151-c3\" class=\"h-row-container gutters-row-lg-2 gutters-row-md-2 gutters-row-0 gutters-row-v-lg-2 gutters-row-v-md-2 gutters-row-v-2 style-399 style-local-151-c3 position-relative\">\n        <!---->\n        <div class=\"h-row justify-content-lg-center justify-content-md-center justify-content-center align-items-lg-stretch align-items-md-stretch align-items-stretch gutters-col-lg-2 gutters-col-md-2 gutters-col-0 gutters-col-v-lg-2 gutters-col-v-md-2 gutters-col-v-2\">\n          <!---->\n          <div class=\"h-column h-column-container d-flex h-col-lg-6 h-col-md-6 h-col-12 style-400-outer style-local-151-c4-outer\">\n            <div data-colibri-id=\"151-c4\" class=\"d-flex h-flex-basis h-column__inner h-px-lg-2 h-px-md-2 h-px-2 v-inner-lg-2 v-inner-md-2 v-inner-2 style-400 style-local-151-c4 position-relative\">\n              <!---->\n              <!---->\n              <div class=\"w-100 h-y-container h-column__content h-column__v-align flex-basis-100 align-self-lg-start align-self-md-start align-self-start\">\n                <!---->\n                <div data-colibri-id=\"151-c5\" class=\"h-global-transition-all h-heading style-404 style-local-151-c5 position-relative h-element\">\n                  <!---->\n                  <div class=\"h-heading__outer style-404 style-local-151-c5\">\n                    <!---->\n                    <!---->\n                    <h4 class=\"\">Eclairement initie un certains nombres de projets ouverts : participation au Printemps des po\u00e8tes \u00e0 travers Pages Ouvertes, Ecole \u00e0 la maison avec la publication de nombreux contenus p\u00e9dagogiques, ateliers d&rsquo;\u00e9criture, \u2026<\/h4>\n                  <\/div>\n                <\/div>\n              <\/div>\n            <\/div>\n          <\/div>\n        <\/div>\n      <\/div>\n    <\/div>\n  <\/div>\n  <div data-colibri-component=\"section\" data-colibri-id=\"151-c6\" id=\"custom-2\" class=\"h-section h-section-global-spacing d-flex align-items-lg-center align-items-md-center align-items-center style-405 style-local-151-c6 position-relative\">\n    <!---->\n    <!---->\n    <div class=\"h-section-grid-container h-section-boxed-container\">\n      <!---->\n      <div data-colibri-id=\"151-c7\" class=\"h-row-container gutters-row-lg-2 gutters-row-md-2 gutters-row-0 gutters-row-v-lg-2 gutters-row-v-md-2 gutters-row-v-2 style-406 style-local-151-c7 position-relative\">\n        <!---->\n        <div class=\"h-row justify-content-lg-center justify-content-md-center justify-content-center align-items-lg-stretch align-items-md-stretch align-items-stretch gutters-col-lg-2 gutters-col-md-2 gutters-col-0 gutters-col-v-lg-2 gutters-col-v-md-2 gutters-col-v-2\">\n          <!---->\n          <div class=\"h-column h-column-container d-flex h-col-lg-auto h-col-md-auto h-col-auto style-407-outer style-local-151-c8-outer\">\n            <div data-colibri-id=\"151-c8\" class=\"d-flex h-flex-basis h-column__inner h-px-lg-2 h-px-md-2 h-px-2 v-inner-lg-2 v-inner-md-2 v-inner-2 style-407 style-local-151-c8 position-relative\">\n              <!---->\n              <!---->\n              <div class=\"w-100 h-y-container h-column__content h-column__v-align flex-basis-100 align-self-lg-start align-self-md-start align-self-start\">\n                <!---->\n                <div data-colibri-id=\"151-c9\" class=\"h-text h-text-component style-413 style-local-151-c9 position-relative h-element\">\n                  <!---->\n                  <!---->\n                  <div class=\"\">\n                    <p><strong style=\"font-size: 16px; font-family: &quot;Open Sans&quot;; color: rgb(70, 112, 127);\"><u>Pages Ouvertes<\/u><\/strong><span style=\"font-size: 16px; font-family: &quot;Open Sans&quot;; color: rgb(70, 112, 127); font-weight: 400;\">&nbsp;<\/span><\/p>\n                    <p><span style=\"font-size: 16px; font-family: &quot;Open Sans&quot;; color: rgb(70, 112, 127); font-weight: 400;\">A l\u2019occasion du Printemps des po\u00e8tes, appel \u00e0 textes po\u00e9tiques pour publication en ligne sur le site Eclairement. Entretien avec les auteurs publi\u00e9s autour de leur processus cr\u00e9atif et de leur rapport \u00e0 la po\u00e9sie.<\/span><\/p>\n                  <\/div>\n                <\/div>\n              <\/div>\n            <\/div>\n          <\/div>\n        <\/div>\n      <\/div>\n      <div data-colibri-id=\"151-c13\" class=\"h-row-container gutters-row-lg-2 gutters-row-md-2 gutters-row-0 gutters-row-v-lg-2 gutters-row-v-md-2 gutters-row-v-2 style-417 style-local-151-c13 position-relative\">\n        <!---->\n        <div class=\"h-row justify-content-lg-center justify-content-md-center justify-content-center align-items-lg-stretch align-items-md-stretch align-items-stretch gutters-col-lg-2 gutters-col-md-2 gutters-col-0 gutters-col-v-lg-2 gutters-col-v-md-2 gutters-col-v-2\">\n          <!---->\n          <div class=\"h-column h-column-container d-flex h-col-lg-auto h-col-md-auto h-col-auto style-418-outer style-local-151-c14-outer\">\n            <div data-colibri-id=\"151-c14\" class=\"d-flex h-flex-basis h-column__inner h-px-lg-2 h-px-md-2 h-px-2 v-inner-lg-2 v-inner-md-2 v-inner-2 style-418 style-local-151-c14 position-relative\">\n              <!---->\n              <!---->\n              <div class=\"w-100 h-y-container h-column__content h-column__v-align flex-basis-100 align-self-lg-start align-self-md-start align-self-start\">\n                <!---->\n                <div data-colibri-id=\"151-c16\" class=\"h-text h-text-component style-420 style-local-151-c16 position-relative h-element\">\n                  <!---->\n                  <!---->\n                  <div class=\"\">\n                    <p><strong style=\"font-size: 16px; font-family: &quot;Open Sans&quot;; color: rgb(70, 112, 127);\"><u>Ecole \u00e0 la maison<\/u><\/strong><\/p>\n                    <p><span style=\"font-weight: 400; font-size: 16px; font-family: &quot;Open Sans&quot;; color: rgb(70, 112, 127);\">En<\/span><strong style=\"font-size: 16px; font-family: &quot;Open Sans&quot;; color: rgb(70, 112, 127);\">&nbsp;<\/strong>\n                      <span\n                        style=\"font-size: 16px; font-family: &quot;Open Sans&quot;; color: rgb(70, 112, 127); font-weight: 400;\">particulier<\/span><strong style=\"font-size: 16px; font-family: &quot;Open Sans&quot;; color: rgb(70, 112, 127);\">&nbsp;<\/strong><span style=\"font-size: 16px; font-family: &quot;Open Sans&quot;; color: rgb(70, 112, 127); font-weight: 400;\">durant les diff\u00e9rents confinements, publication d\u2019analyses de texte. Initiative initi\u00e9e bien avant avec le partage de contenus experts et p\u00e9dagogiques aussi bien en litt\u00e9rature, culture g\u00e9n\u00e9rale, technologie, \u2026<\/span><\/p>\n                  <\/div>\n                <\/div>\n              <\/div>\n            <\/div>\n          <\/div>\n        <\/div>\n      <\/div>\n    <\/div>\n  <\/div>\n<\/div>","protected":false},"excerpt":{"rendered":"<p>Eclairement initie un certains nombres de projets ouverts : participation au Printemps des po\u00e8tes \u00e0 travers Pages Ouvertes, Ecole \u00e0 la maison avec la publication de nombreux contenus p\u00e9dagogiques, ateliers d&rsquo;\u00e9criture, \u2026 Pages Ouvertes&nbsp; A l\u2019occasion du Printemps des po\u00e8tes, appel \u00e0 textes po\u00e9tiques pour publication en ligne sur le site Eclairement. Entretien avec les [&hellip;]<\/p>\n","protected":false},"author":1,"featured_media":0,"parent":0,"menu_order":0,"comment_status":"closed","ping_status":"closed","template":"page-templates\/full-width-page.php","meta":[],"_links":{"self":[{"href":"https:\/\/eclairement.com\/eclairementORG\/wp-json\/wp\/v2\/pages\/151"}],"collection":[{"href":"https:\/\/eclairement.com\/eclairementORG\/wp-json\/wp\/v2\/pages"}],"about":[{"href":"https:\/\/eclairement.com\/eclairementORG\/wp-json\/wp\/v2\/types\/page"}],"author":[{"embeddable":true,"href":"https:\/\/eclairement.com\/eclairementORG\/wp-json\/wp\/v2\/users\/1"}],"replies":[{"embeddable":true,"href":"https:\/\/eclairement.com\/eclairementORG\/wp-json\/wp\/v2\/comments?post=151"}],"version-history":[{"count":5,"href":"https:\/\/eclairement.com\/eclairementORG\/wp-json\/wp\/v2\/pages\/151\/revisions"}],"predecessor-version":[{"id":485,"href":"https:\/\/eclairement.com\/eclairementORG\/wp-json\/wp\/v2\/pages\/151\/revisions\/485"}],"wp:attachment":[{"href":"https:\/\/eclairement.com\/eclairementORG\/wp-json\/wp\/v2\/media?parent=151"}],"curies":[{"name":"wp","href":"https:\/\/api.w.org\/{rel}","templated":true}]}}