{"id":150,"date":"2022-09-15T15:33:41","date_gmt":"2022-09-15T13:33:41","guid":{"rendered":"https:\/\/eclairement.com\/eclairementORG\/?page_id=150"},"modified":"2022-11-16T15:53:31","modified_gmt":"2022-11-16T14:53:31","slug":"support-a-laction","status":"publish","type":"page","link":"https:\/\/eclairement.com\/eclairementORG\/support-a-laction\/","title":{"rendered":"Support \u00e0 l&rsquo;action"},"content":{"rendered":"<div data-colibri-id=\"150-c1\" class=\"style-408 style-local-150-c1 position-relative\">\n  <!---->\n  <div data-colibri-component=\"section\" data-colibri-id=\"150-c2\" id=\"custom\" class=\"h-section h-section-global-spacing d-flex align-items-lg-center align-items-md-center align-items-center style-409 style-local-150-c2 position-relative\">\n    <!---->\n    <!---->\n    <div class=\"h-section-grid-container h-section-boxed-container\">\n      <!---->\n      <div data-colibri-id=\"150-c3\" class=\"h-row-container gutters-row-lg-2 gutters-row-md-2 gutters-row-0 gutters-row-v-lg-2 gutters-row-v-md-2 gutters-row-v-2 style-410 style-local-150-c3 position-relative\">\n        <!---->\n        <div class=\"h-row justify-content-lg-center justify-content-md-center justify-content-center align-items-lg-stretch align-items-md-stretch align-items-stretch gutters-col-lg-2 gutters-col-md-2 gutters-col-0 gutters-col-v-lg-2 gutters-col-v-md-2 gutters-col-v-2\">\n          <!---->\n          <div class=\"h-column h-column-container d-flex h-col-lg-auto h-col-md-auto h-col-auto style-411-outer style-local-150-c4-outer\">\n            <div data-colibri-id=\"150-c4\" class=\"d-flex h-flex-basis h-column__inner h-px-lg-2 h-px-md-2 h-px-2 v-inner-lg-2 v-inner-md-2 v-inner-2 style-411 style-local-150-c4 position-relative\">\n              <!---->\n              <!---->\n              <div class=\"w-100 h-y-container h-column__content h-column__v-align flex-basis-100 align-self-lg-start align-self-md-start align-self-start\">\n                <!---->\n                <div data-colibri-id=\"150-c5\" class=\"h-global-transition-all h-heading style-412 style-local-150-c5 position-relative h-element\">\n                  <!---->\n                  <div class=\"h-heading__outer style-412 style-local-150-c5\">\n                    <!---->\n                    <!---->\n                    <h4 class=\"\">Eclairement vient en soutien \u00e0 diff\u00e9rentes initiatives citoyennes et participatives : dialogue citoyen, Chapterthon autour des enjeux num\u00e9riques, chapterthon sur l&rsquo;accessibilit\u00e9 des S\u00e9niors au num\u00e9rique<\/h4>\n                  <\/div>\n                <\/div>\n              <\/div>\n            <\/div>\n          <\/div>\n        <\/div>\n      <\/div>\n    <\/div>\n  <\/div>\n  <div data-colibri-component=\"section\" data-colibri-id=\"150-c6\" id=\"custom-2\" class=\"h-section h-section-global-spacing d-flex align-items-lg-center align-items-md-center align-items-center style-421 style-local-150-c6 position-relative\">\n    <!---->\n    <!---->\n    <div class=\"h-section-grid-container h-section-boxed-container\">\n      <!---->\n      <div data-colibri-id=\"150-c7\" class=\"h-row-container gutters-row-lg-2 gutters-row-md-2 gutters-row-0 gutters-row-v-lg-2 gutters-row-v-md-2 gutters-row-v-2 style-422 style-local-150-c7 position-relative\">\n        <!---->\n        <div class=\"h-row justify-content-lg-center justify-content-md-center justify-content-center align-items-lg-stretch align-items-md-stretch align-items-stretch gutters-col-lg-2 gutters-col-md-2 gutters-col-0 gutters-col-v-lg-2 gutters-col-v-md-2 gutters-col-v-2\">\n          <!---->\n          <div class=\"h-column h-column-container d-flex h-col-lg-auto h-col-md-auto h-col-auto style-423-outer style-local-150-c8-outer\">\n            <div data-colibri-id=\"150-c8\" class=\"d-flex h-flex-basis h-column__inner h-px-lg-2 h-px-md-2 h-px-2 v-inner-lg-2 v-inner-md-2 v-inner-2 style-423 style-local-150-c8 position-relative\">\n              <!---->\n              <!---->\n              <div class=\"w-100 h-y-container h-column__content h-column__v-align flex-basis-100 align-self-lg-start align-self-md-start align-self-start\">\n                <!---->\n                <div data-colibri-id=\"150-c9\" class=\"h-text h-text-component style-424 style-local-150-c9 position-relative h-element\">\n                  <!---->\n                  <!---->\n                  <div class=\"\">\n                    <p>Dialogue citoyen sur l\u2019avenir<\/p>\n                    <p>En partenariat avec Missions Publiques et l\u2019Unesco, organisation du dialogue fran\u00e7ais sur l\u2019avenir d\u2019internet, regroupant plus de 100 participants en vue de construire une parole publique sur internet dans le futur<\/p>\n                    <p>\n                      <br>\n                    <\/p>\n                  <\/div>\n                <\/div>\n              <\/div>\n            <\/div>\n          <\/div>\n        <\/div>\n      <\/div>\n      <div data-colibri-id=\"150-c10\" class=\"h-row-container gutters-row-lg-2 gutters-row-md-2 gutters-row-0 gutters-row-v-lg-2 gutters-row-v-md-2 gutters-row-v-2 style-425 style-local-150-c10 position-relative\">\n        <!---->\n        <div class=\"h-row justify-content-lg-center justify-content-md-center justify-content-center align-items-lg-stretch align-items-md-stretch align-items-stretch gutters-col-lg-2 gutters-col-md-2 gutters-col-0 gutters-col-v-lg-2 gutters-col-v-md-2 gutters-col-v-2\">\n          <!---->\n          <div class=\"h-column h-column-container d-flex h-col-lg-auto h-col-md-auto h-col-auto style-426-outer style-local-150-c11-outer\">\n            <div data-colibri-id=\"150-c11\" class=\"d-flex h-flex-basis h-column__inner h-px-lg-2 h-px-md-2 h-px-2 v-inner-lg-2 v-inner-md-2 v-inner-2 style-426 style-local-150-c11 position-relative\">\n              <!---->\n              <!---->\n              <div class=\"w-100 h-y-container h-column__content h-column__v-align flex-basis-100 align-self-lg-start align-self-md-start align-self-start\">\n                <!---->\n                <div data-colibri-id=\"150-c12\" class=\"h-text h-text-component style-428 style-local-150-c12 position-relative h-element\">\n                  <!---->\n                  <!---->\n                  <div class=\"\">\n                    <p>Chapterthon accessibilit\u00e9 d\u2019internet et du num\u00e9rique pour les S\u00e9niors<\/p>\n                    <p>En partenariat avec l\u2019Internet Society Chapitre fran\u00e7ais, la municipalit\u00e9 de Rouen et la municipalit\u00e9 du 11eme arrondissement de Paris.<\/p>\n                    <p>\n                      <br>\n                    <\/p>\n                  <\/div>\n                <\/div>\n              <\/div>\n            <\/div>\n          <\/div>\n        <\/div>\n      <\/div>\n      <div data-colibri-id=\"150-c13\" class=\"h-row-container gutters-row-lg-2 gutters-row-md-2 gutters-row-0 gutters-row-v-lg-2 gutters-row-v-md-2 gutters-row-v-2 style-429 style-local-150-c13 position-relative\">\n        <!---->\n        <div class=\"h-row justify-content-lg-center justify-content-md-center justify-content-center align-items-lg-stretch align-items-md-stretch align-items-stretch gutters-col-lg-2 gutters-col-md-2 gutters-col-0 gutters-col-v-lg-2 gutters-col-v-md-2 gutters-col-v-2\">\n          <!---->\n          <div class=\"h-column h-column-container d-flex h-col-lg-auto h-col-md-auto h-col-auto style-430-outer style-local-150-c14-outer\">\n            <div data-colibri-id=\"150-c14\" class=\"d-flex h-flex-basis h-column__inner h-px-lg-2 h-px-md-2 h-px-2 v-inner-lg-2 v-inner-md-2 v-inner-2 style-430 style-local-150-c14 position-relative\">\n              <!---->\n              <!---->\n              <div class=\"w-100 h-y-container h-column__content h-column__v-align flex-basis-100 align-self-lg-start align-self-md-start align-self-start\">\n                <!---->\n                <div data-colibri-id=\"150-c15\" class=\"h-text h-text-component style-432 style-local-150-c15 position-relative h-element\">\n                  <!---->\n                  <!---->\n                  <div class=\"\">\n                    <p>Chapterthon sur les publics \u00e9loign\u00e9s<\/p>\n                    <p>En partenariat avec l\u2019Internet Society Chapitre fran\u00e7ais.<\/p>\n                    <p>\n                      <br>\n                    <\/p>\n                  <\/div>\n                <\/div>\n              <\/div>\n            <\/div>\n          <\/div>\n        <\/div>\n      <\/div>\n    <\/div>\n  <\/div>\n<\/div>","protected":false},"excerpt":{"rendered":"<p>Eclairement vient en soutien \u00e0 diff\u00e9rentes initiatives citoyennes et participatives : dialogue citoyen, Chapterthon autour des enjeux num\u00e9riques, chapterthon sur l&rsquo;accessibilit\u00e9 des S\u00e9niors au num\u00e9rique Dialogue citoyen sur l\u2019avenir En partenariat avec Missions Publiques et l\u2019Unesco, organisation du dialogue fran\u00e7ais sur l\u2019avenir d\u2019internet, regroupant plus de 100 participants en vue de construire une parole publique [&hellip;]<\/p>\n","protected":false},"author":1,"featured_media":0,"parent":0,"menu_order":0,"comment_status":"closed","ping_status":"closed","template":"page-templates\/full-width-page.php","meta":[],"_links":{"self":[{"href":"https:\/\/eclairement.com\/eclairementORG\/wp-json\/wp\/v2\/pages\/150"}],"collection":[{"href":"https:\/\/eclairement.com\/eclairementORG\/wp-json\/wp\/v2\/pages"}],"about":[{"href":"https:\/\/eclairement.com\/eclairementORG\/wp-json\/wp\/v2\/types\/page"}],"author":[{"embeddable":true,"href":"https:\/\/eclairement.com\/eclairementORG\/wp-json\/wp\/v2\/users\/1"}],"replies":[{"embeddable":true,"href":"https:\/\/eclairement.com\/eclairementORG\/wp-json\/wp\/v2\/comments?post=150"}],"version-history":[{"count":7,"href":"https:\/\/eclairement.com\/eclairementORG\/wp-json\/wp\/v2\/pages\/150\/revisions"}],"predecessor-version":[{"id":639,"href":"https:\/\/eclairement.com\/eclairementORG\/wp-json\/wp\/v2\/pages\/150\/revisions\/639"}],"wp:attachment":[{"href":"https:\/\/eclairement.com\/eclairementORG\/wp-json\/wp\/v2\/media?parent=150"}],"curies":[{"name":"wp","href":"https:\/\/api.w.org\/{rel}","templated":true}]}}